{"id":490,"date":"2024-09-13T06:50:16","date_gmt":"2024-09-13T06:50:16","guid":{"rendered":"https:\/\/carobnavoda.com\/piskotki\/"},"modified":"2024-09-18T14:12:55","modified_gmt":"2024-09-18T14:12:55","slug":"piskotki","status":"publish","type":"page","link":"https:\/\/carobnavoda.com\/sl\/piskotki\/","title":{"rendered":"Pi\u0161kotki"},"content":{"rendered":"<div class=\"wpb-content-wrapper\"><p>[vc_row][vc_column width=&#8221;1\/4&#8243;][\/vc_column][vc_column width=&#8221;1\/2&#8243;][vc_column_text css=&#8221;&#8221; woodmart_inline=&#8221;no&#8221; text_larger=&#8221;no&#8221;]<\/p>\n<h1 style=\"text-align: center;\">Politika pi\u0161kotkov<\/h1>\n<ol style=\"text-align: justify;\">\n<li>Spodaj so navedena imena pi\u0161kotkov, ki jih uporabljamo na na\u0161i spletni strani, in nameni, za katere se uporabljajo:<\/li>\n<li>Na na\u0161em spletnem mestu uporabljamo Google Analytics in Adwords za prepoznavanje ra\u010dunalnika, ko uporabnik obi\u0161\u010de spletno mesto \/ sledenje uporabnikom med krmarjenjem po spletnem mestu \/ izbolj\u0161anje uporabnosti spletnega mesta \/ analizo uporabe spletnega mesta \/ skrbni\u0161tvo spletnega mesta \/ prepre\u010devanje goljufij in izbolj\u0161anje varnost spletnega mesta \/ prilagajanje spletnega mesta za vsakega uporabnika \/ ciljanje oglasov, ki bi lahko bili \u0161e posebej zanimivi za dolo\u010dene uporabnike;<\/li>\n<li>Ve\u010dina brskalnikov vam omogo\u010da zavrnitev sprejema pi\u0161kotkov, kot so:<\/li>\n<li>V Internet Explorerju (razli\u010dica 10) lahko blokirate pi\u0161kotke z nastavitvami za preglasitev pi\u0161kotkov, tako da kliknete Orodja, Internetne mo\u017enosti, Zasebnost in nato Napredne nastavitve.<\/li>\n<li>V Firefoxu (razli\u010dica 24) lahko blokirate vse pi\u0161kotke tako, da kliknete \u00bbOrodja\u00ab, \u00bbMo\u017enosti\u00ab, \u00bbZasebnost\u00ab, v spustnem meniju izberete \u00bbUporabi nastavitve po meri za zgodovino\u00ab in po\u010distite polje \u00bbSprejmi pi\u0161kotke s spletnih mest\u00ab;<\/li>\n<li>V Chromu (razli\u010dica 29) lahko blokirate vse pi\u0161kotke tako, da odprete meni \u00bbNastavitve in upravljanje\u00ab in kliknete \u00bbNastavitve\u00ab, \u00bbPoka\u017ei napredne nastavitve\u00ab in \u00bbNastavitve vsebine\u00ab ter nato izberete \u00bbBlokiraj spletnim mestom namestitev kakr\u0161nih koli podatkov\u00ab. pod naslovom &#8216;Pi\u0161kotki&#8217;.<\/li>\n<\/ol>\n<p style=\"text-align: justify;\">Blokiranje vseh pi\u0161kotkov bo negativno vplivalo na uporabnost \u0161tevilnih spletnih mest. \u010ce blokirate pi\u0161kotke, morda ne boste mogli uporabljati vseh funkcij na\u0161ega spletnega mesta.<\/p>\n<ol>\n<li style=\"text-align: justify;\">Pi\u0161kotke, ki so \u017ee shranjeni na va\u0161em ra\u010dunalniku, lahko izbri\u0161ete, kot so:<\/li>\n<li style=\"text-align: justify;\">V Internet Explorerju (razli\u010dica 10) morate ro\u010dno izbrisati pi\u0161kotke (glejte <a href=\"http:\/\/support.microsoft.com\/kb\/278835\" target=\"_blank\" rel=\"noopener\">http:\/\/support.microsoft.com\/kb\/278835<\/a> );<\/li>\n<li style=\"text-align: justify;\">V Firefoxu (razli\u010dica 24) lahko pi\u0161kotke izbri\u0161ete tako, da kliknete \u00bbOrodja\u00ab, \u00bbMo\u017enosti\u00ab in \u00bbZasebnost\u00ab, nato izberete \u00bbUporabi uporabni\u0161ke nastavitve za zgodovino\u00ab, kliknete \u00bbPrika\u017ei pi\u0161kotke\u00ab in nato \u00bbIzbri\u0161i vse pi\u0161kotke\u00ab;<\/li>\n<li style=\"text-align: justify;\">V Chromu (razli\u010dica 29) lahko izbri\u0161ete vse pi\u0161kotke tako, da odprete meni \u00bbNastavitve in upravljanje\u00ab in kliknete \u00bbNastavitve\u00ab, \u00bbPoka\u017ei napredne nastavitve\u00ab in \u00bbPo\u010disti podatke brskanja\u00ab ter nato izberete \u00bbIzbri\u0161i pi\u0161kotke in drugo mesto\u00ab. in podatke vti\u010dnika\u00ab, preden kliknete \u00bbPo\u010disti podatke brskanja\u00ab.<\/li>\n<li style=\"text-align: justify;\">Blokiranje pi\u0161kotkov bo negativno vplivalo na uporabnost \u0161tevilnih spletnih mest.<\/li>\n<\/ol>\n<p>[\/vc_column_text][\/vc_column][vc_column width=&#8221;1\/4&#8243;][\/vc_column][\/vc_row][vc_row woodmart_stretch_content=&#8221;section-stretch&#8221; woodmart_bg_position=&#8221;center-top&#8221; css=&#8221;.vc_custom_1726229746453{margin-top: -100px !important;padding-top: 50vh !important;padding-right: 2vw !important;padding-left: 2vw !important;background-image: url(https:\/\/carobnavoda.com\/wp-content\/uploads\/2024\/09\/bgfooter.webp?id=140) !important;background-position: center !important;background-repeat: no-repeat !important;background-size: cover !important;}&#8221; woodmart_css_id=&#8221;66e42cd23ff37&#8243; responsive_spacing=&#8221;eyJwYXJhbV90eXBlIjoid29vZG1hcnRfcmVzcG9uc2l2ZV9zcGFjaW5nIiwic2VsZWN0b3JfaWQiOiI2NmU0MmNkMjNmZjM3Iiwic2hvcnRjb2RlIjoidmNfcm93IiwiZGF0YSI6eyJ0YWJsZXQiOnt9LCJtb2JpbGUiOnt9fX0=&#8221; mobile_bg_img_hidden=&#8221;no&#8221; tablet_bg_img_hidden=&#8221;no&#8221; woodmart_parallax=&#8221;0&#8243; woodmart_gradient_switch=&#8221;no&#8221; woodmart_box_shadow=&#8221;no&#8221; wd_z_index=&#8221;yes&#8221; woodmart_disable_overflow=&#8221;1&#8243; row_reverse_mobile=&#8221;0&#8243; row_reverse_tablet=&#8221;0&#8243; wd_z_index_custom=&#8221;eyJkZXZpY2VzIjp7ImRlc2t0b3AiOnsidmFsdWUiOiIzNSJ9fX0=&#8221; el_class=&#8221;bottom2&#8243;][vc_column width=&#8221;3\/5&#8243; woodmart_css_id=&#8221;66e3dd32b21c2&#8243; parallax_scroll=&#8221;no&#8221; woodmart_sticky_column=&#8221;false&#8221; wd_collapsible_content_switcher=&#8221;no&#8221; wd_column_role_offcanvas_desktop=&#8221;no&#8221; wd_column_role_offcanvas_tablet=&#8221;no&#8221; wd_column_role_offcanvas_mobile=&#8221;no&#8221; wd_column_role_content_desktop=&#8221;no&#8221; wd_column_role_content_tablet=&#8221;no&#8221; wd_column_role_content_mobile=&#8221;no&#8221; mobile_bg_img_hidden=&#8221;no&#8221; tablet_bg_img_hidden=&#8221;no&#8221; woodmart_parallax=&#8221;0&#8243; woodmart_box_shadow=&#8221;no&#8221; responsive_spacing=&#8221;eyJwYXJhbV90eXBlIjoid29vZG1hcnRfcmVzcG9uc2l2ZV9zcGFjaW5nIiwic2VsZWN0b3JfaWQiOiI2NmUzZGQzMmIyMWMyIiwic2hvcnRjb2RlIjoidmNfY29sdW1uIiwiZGF0YSI6eyJ0YWJsZXQiOnt9LCJtb2JpbGUiOnt9fX0=&#8221; mobile_reset_margin=&#8221;no&#8221; tablet_reset_margin=&#8221;no&#8221; wd_z_index=&#8221;no&#8221;][vc_row_inner][vc_column_inner width=&#8221;1\/3&#8243;]\t\t\t<link rel=\"stylesheet\" id=\"wd-text-block-css\" href=\"https:\/\/carobnavoda.com\/wp-content\/themes\/woodmart\/css\/parts\/el-text-block.min.css?ver=7.6.0\" type=\"text\/css\" media=\"all\" \/> \t\t\t\t\t<div id=\"wd-66eadfa40a0da\" class=\"wd-text-block wd-wpb reset-last-child wd-rs-66eadfa40a0da text-left color-scheme-light wd-font-weight-400 wd-fontsize-custom \">\n\t\t\t<p><a href=\"https:\/\/carobnavoda.com\/sl\/#about\">O nas<\/a><br \/>\n<a href=\"https:\/\/carobnavoda.com\/sl\/#benefits\">Prednosti<\/a><br \/>\n<a href=\"https:\/\/carobnavoda.com\/sl\/#devices\">Na\u0161e naprave<\/a><\/p>\n\t\t<\/div>\n\t\t[\/vc_column_inner][vc_column_inner width=&#8221;1\/3&#8243;]\t\t<div id=\"wd-66eadfce49992\" class=\"wd-text-block wd-wpb reset-last-child wd-rs-66eadfce49992 text-left color-scheme-light wd-font-weight-400 wd-fontsize-custom \">\n\t\t\t<p>Kontakt<br \/>\nSlovenia Ljubljana<br \/>\nVilharjeva cesta 38<\/p>\n\t\t<\/div>\n\t\t[\/vc_column_inner][vc_column_inner width=&#8221;1\/3&#8243;]\t\t<div id=\"wd-66e3dfdfa78d0\" class=\"wd-text-block wd-wpb reset-last-child wd-rs-66e3dfdfa78d0 text-left color-scheme-light wd-font-weight-400 wd-fontsize-custom \">\n\t\t\t<p><a href=\"tel:+385977303507\">+385 97 7303507<\/a><a href=\"mailto:info@C48Darobnavoda.com\">info@\u010darobnavoda.com<\/a><\/p>\n\t\t<\/div>\n\t\t[\/vc_column_inner][\/vc_row_inner]\t\t<div id=\"wd-66eadf9705d6b\" class=\"wd-text-block wd-wpb reset-last-child wd-rs-66eadf9705d6b text-left color-scheme-light \">\n\t\t\t<p><span style=\"color: #d9d9d9;\"><a style=\"color: #d9d9d9;\" href=\"https:\/\/carobnavoda.com\/sl\/piskotki\/\" target=\"_blank\" rel=\"noopener\">Pi\u0161kotki<\/a><\/span><\/p>\n\t\t<\/div>\n\t\t[\/vc_column][vc_column width=&#8221;2\/5&#8243;][\/vc_column][\/vc_row][vc_row woodmart_stretch_content=&#8221;section-stretch&#8221; woodmart_css_id=&#8221;66e42b472e894&#8243; responsive_spacing=&#8221;eyJwYXJhbV90eXBlIjoid29vZG1hcnRfcmVzcG9uc2l2ZV9zcGFjaW5nIiwic2VsZWN0b3JfaWQiOiI2NmU0MmI0NzJlODk0Iiwic2hvcnRjb2RlIjoidmNfcm93IiwiZGF0YSI6eyJ0YWJsZXQiOnt9LCJtb2JpbGUiOnt9fX0=&#8221; mobile_bg_img_hidden=&#8221;no&#8221; tablet_bg_img_hidden=&#8221;no&#8221; woodmart_parallax=&#8221;0&#8243; woodmart_gradient_switch=&#8221;no&#8221; woodmart_box_shadow=&#8221;no&#8221; wd_z_index=&#8221;no&#8221; woodmart_disable_overflow=&#8221;1&#8243; row_reverse_mobile=&#8221;0&#8243; row_reverse_tablet=&#8221;0&#8243; css=&#8221;.vc_custom_1726229328893{background-color: #D8E9F200 !important;}&#8221;][vc_column woodmart_css_id=&#8221;66e42affead41&#8243; parallax_scroll=&#8221;no&#8221; woodmart_sticky_column=&#8221;false&#8221; wd_collapsible_content_switcher=&#8221;no&#8221; wd_column_role_offcanvas_desktop=&#8221;no&#8221; wd_column_role_offcanvas_tablet=&#8221;no&#8221; wd_column_role_offcanvas_mobile=&#8221;no&#8221; wd_column_role_content_desktop=&#8221;no&#8221; wd_column_role_content_tablet=&#8221;no&#8221; wd_column_role_content_mobile=&#8221;no&#8221; mobile_bg_img_hidden=&#8221;no&#8221; tablet_bg_img_hidden=&#8221;no&#8221; woodmart_parallax=&#8221;0&#8243; woodmart_box_shadow=&#8221;no&#8221; responsive_spacing=&#8221;eyJwYXJhbV90eXBlIjoid29vZG1hcnRfcmVzcG9uc2l2ZV9zcGFjaW5nIiwic2VsZWN0b3JfaWQiOiI2NmU0MmFmZmVhZDQxIiwic2hvcnRjb2RlIjoidmNfY29sdW1uIiwiZGF0YSI6eyJ0YWJsZXQiOnt9LCJtb2JpbGUiOnt9fX0=&#8221; mobile_reset_margin=&#8221;no&#8221; tablet_reset_margin=&#8221;no&#8221; wd_z_index=&#8221;no&#8221; css=&#8221;.vc_custom_1726229260563{margin-bottom: 0px !important;padding-bottom: 0px !important;}&#8221;]\t\t\t<link rel=\"stylesheet\" id=\"wd-marquee-css\" href=\"https:\/\/carobnavoda.com\/wp-content\/themes\/woodmart\/css\/parts\/el-marquee.min.css?ver=7.6.0\" type=\"text\/css\" media=\"all\" \/> \t\t\t\t\t\t<div id=\"wd-66e42c7f3f558\" class=\"wd-marquee-wrapp  wd-rs-66e42c7f3f558 vc_custom_1726229645738\">\n\t\t\t\t<div class=\"wd-marquee wd-with-pause\">\n\t\t\t\t\t<div class=\"wd-marquee-content\">\n\t\t\t\t\t\t\t\t\t<span>\n\t\t\t\t\n\t\t\t\t\t\t\t\t\tVoDu\u0161a   VoDu\u0161a   VoDu\u0161a   VoDu\u0161a   VoDu\u0161a   VoDu\u0161a   VoDu\u0161a   VoDu\u0161a   VoDu\u0161a   VoDu\u0161a   VoDu\u0161a   VoDu\u0161a\t\t\t\t\n\t\t\t\t\t\t\t<\/span>\n\t\t\t\t\t\t\t\t<\/div>\n\t\t\t\t\t<div class=\"wd-marquee-content\">\n\t\t\t\t\t\t\t\t\t<span>\n\t\t\t\t\n\t\t\t\t\t\t\t\t\tVoDu\u0161a   VoDu\u0161a   VoDu\u0161a   VoDu\u0161a   VoDu\u0161a   VoDu\u0161a   VoDu\u0161a   VoDu\u0161a   VoDu\u0161a   VoDu\u0161a   VoDu\u0161a   VoDu\u0161a\t\t\t\t\n\t\t\t\t\t\t\t<\/span>\n\t\t\t\t\t\t\t\t<\/div>\n\t\t\t\t<\/div>\n\t\t\t<\/div>\n\t\t[\/vc_column][\/vc_row]<\/p>\n<\/div>","protected":false},"excerpt":{"rendered":"<p>[vc_row][vc_column width=&#8221;1\/4&#8243;][\/vc_column][vc_column width=&#8221;1\/2&#8243;][vc_column_text css=&#8221;&#8221; woodmart_inline=&#8221;no&#8221; text_larger=&#8221;no&#8221;] Politika pi\u0161kotkov Spodaj so navedena imena pi\u0161kotkov, ki jih uporabljamo na na\u0161i spletni strani,<\/p>\n","protected":false},"author":1,"featured_media":0,"parent":0,"menu_order":0,"comment_status":"closed","ping_status":"closed","template":"","meta":{"rank_math_lock_modified_date":false,"footnotes":""},"class_list":["post-490","page","type-page","status-publish","hentry"],"_links":{"self":[{"href":"https:\/\/carobnavoda.com\/sl\/wp-json\/wp\/v2\/pages\/490","targetHints":{"allow":["GET"]}}],"collection":[{"href":"https:\/\/carobnavoda.com\/sl\/wp-json\/wp\/v2\/pages"}],"about":[{"href":"https:\/\/carobnavoda.com\/sl\/wp-json\/wp\/v2\/types\/page"}],"author":[{"embeddable":true,"href":"https:\/\/carobnavoda.com\/sl\/wp-json\/wp\/v2\/users\/1"}],"replies":[{"embeddable":true,"href":"https:\/\/carobnavoda.com\/sl\/wp-json\/wp\/v2\/comments?post=490"}],"version-history":[{"count":4,"href":"https:\/\/carobnavoda.com\/sl\/wp-json\/wp\/v2\/pages\/490\/revisions"}],"predecessor-version":[{"id":500,"href":"https:\/\/carobnavoda.com\/sl\/wp-json\/wp\/v2\/pages\/490\/revisions\/500"}],"wp:attachment":[{"href":"https:\/\/carobnavoda.com\/sl\/wp-json\/wp\/v2\/media?parent=490"}],"curies":[{"name":"wp","href":"https:\/\/api.w.org\/{rel}","templated":true}]}}