{"id":487,"date":"2024-09-13T06:50:16","date_gmt":"2024-09-13T06:50:16","guid":{"rendered":"https:\/\/carobnavoda.com\/kolacici\/"},"modified":"2024-09-18T14:15:32","modified_gmt":"2024-09-18T14:15:32","slug":"kolacici","status":"publish","type":"page","link":"https:\/\/carobnavoda.com\/hr\/kolacici\/","title":{"rendered":"Kola\u010di\u0107i"},"content":{"rendered":"<div class=\"wpb-content-wrapper\"><p>[vc_row][vc_column width=&#8221;1\/4&#8243;][\/vc_column][vc_column width=&#8221;1\/2&#8243;][vc_column_text css=&#8221;&#8221; woodmart_inline=&#8221;no&#8221; text_larger=&#8221;no&#8221;]<\/p>\n<h1 style=\"text-align: center;\">Politika kola\u010di\u0107a<\/h1>\n<ol style=\"text-align: justify;\">\n<li>Ispod su nazivi kola\u010di\u0107a koje koristimo na na\u0161oj web stranici i svrhe za koje se koriste:<\/li>\n<li>Na na\u0161oj web stranici koristimo Google Analytics i Adwords za prepoznavanje ra\u010dunala kada korisnik posjeti stranicu \/ pra\u0107enje korisnika dok se kre\u0107u po stranici \/ pobolj\u0161anje upotrebljivosti stranice \/ analizu kori\u0161tenja stranice \/ administriranje stranice \/ sprje\u010davanje prijevara i pobolj\u0161anje sigurnost stranice \/ personalizirati stranicu za svakog korisnika \/ ciljati oglase koji bi mogli biti od posebnog interesa odre\u0111enim korisnicima;<\/li>\n<li>Ve\u0107ina preglednika dopu\u0161ta vam da odbijete prihva\u0107anje kola\u010di\u0107a, kao \u0161to su:<\/li>\n<li>U Internet Exploreru (verzija 10) mo\u017eete blokirati kola\u010di\u0107e kori\u0161tenjem postavki nadja\u010davanja kola\u010di\u0107a klikom na Alati, Internetske mogu\u0107nosti, Privatnost, a zatim Napredne postavke.<\/li>\n<li>U Firefoxu (verzija 24) mo\u017eete blokirati sve kola\u010di\u0107e klikom na &#8220;Alati&#8221;, &#8220;Opcije&#8221;, &#8220;Privatnost&#8221;, odabirom &#8220;Koristi prilago\u0111ene postavke za povijest&#8221; s padaju\u0107eg izbornika i poni\u0161tavanjem oznake &#8220;Prihvati kola\u010di\u0107e sa stranica&#8221;;<\/li>\n<li>U pregledniku Chrome (verzija 29) mo\u017eete blokirati sve kola\u010di\u0107e tako da odete na izbornik &#8220;Postavke i upravljanje&#8221; i kliknete na &#8220;Postavke&#8221;, &#8220;Prika\u017ei napredne postavke&#8221; i &#8220;Postavke sadr\u017eaja&#8221;, a zatim odaberete &#8220;Blokiraj web stranicama da instaliraju bilo kakve podatke&#8221; pod naslovom &#8220;Kola\u010di\u0107i&#8221;.<\/li>\n<\/ol>\n<p style=\"text-align: justify;\">Blokiranje svih kola\u010di\u0107a negativno \u0107e utjecati na upotrebljivost mnogih web stranica. Ako blokirate kola\u010di\u0107e, mo\u017eda ne\u0107ete mo\u0107i koristiti sve zna\u010dajke na\u0161e web stranice.<\/p>\n<ol>\n<li style=\"text-align: justify;\">Mo\u017eete izbrisati kola\u010di\u0107e koji su ve\u0107 pohranjeni na va\u0161em ra\u010dunalu, kao \u0161to su:<\/li>\n<li style=\"text-align: justify;\">U Internet Exploreru (verzija 10), morate ru\u010dno izbrisati kola\u010di\u0107e (pogledajte <a href=\"http:\/\/support.microsoft.com\/kb\/278835\" target=\"_blank\" rel=\"noopener\">http:\/\/support.microsoft.com\/kb\/278835<\/a> );<\/li>\n<li style=\"text-align: justify;\">U Firefoxu (verzija 24) mo\u017eete izbrisati kola\u010di\u0107e klikom na &#8220;Alati&#8221;, &#8220;Opcije&#8221; i &#8220;Privatnost&#8221;, zatim odabirom &#8220;Koristi korisni\u010dke postavke za povijest&#8221;, klikom na &#8220;Prika\u017ei kola\u010di\u0107e&#8221; i zatim na &#8220;Izbri\u0161i sve kola\u010di\u0107e&#8221;;<\/li>\n<li style=\"text-align: justify;\">U pregledniku Chrome (verzija 29) mo\u017eete izbrisati sve kola\u010di\u0107e tako da odete na izbornik &#8220;Postavke i upravljanje&#8221; i kliknete &#8220;Postavke&#8221;, &#8220;Prika\u017ei napredne postavke&#8221; i &#8220;Izbri\u0161i podatke o pregledavanju&#8221;, a zatim odaberete &#8220;Izbri\u0161i kola\u010di\u0107e i druge stranice&#8221; i podaci o dodacima&#8221; prije nego \u0161to kliknete &#8220;Izbri\u0161i podatke o pregledavanju&#8221;.<\/li>\n<li style=\"text-align: justify;\">Blokiranje kola\u010di\u0107a negativno \u0107e utjecati na upotrebljivost mnogih web stranica.<\/li>\n<\/ol>\n<p>[\/vc_column_text][\/vc_column][vc_column width=&#8221;1\/4&#8243;][\/vc_column][\/vc_row][vc_row woodmart_stretch_content=&#8221;section-stretch&#8221; woodmart_bg_position=&#8221;center-top&#8221; css=&#8221;.vc_custom_1726229746453{margin-top: -100px !important;padding-top: 50vh !important;padding-right: 2vw !important;padding-left: 2vw !important;background-image: url(https:\/\/carobnavoda.com\/wp-content\/uploads\/2024\/09\/bgfooter.webp?id=140) !important;background-position: center !important;background-repeat: no-repeat !important;background-size: cover !important;}&#8221; woodmart_css_id=&#8221;66e42cd23ff37&#8243; responsive_spacing=&#8221;eyJwYXJhbV90eXBlIjoid29vZG1hcnRfcmVzcG9uc2l2ZV9zcGFjaW5nIiwic2VsZWN0b3JfaWQiOiI2NmU0MmNkMjNmZjM3Iiwic2hvcnRjb2RlIjoidmNfcm93IiwiZGF0YSI6eyJ0YWJsZXQiOnt9LCJtb2JpbGUiOnt9fX0=&#8221; mobile_bg_img_hidden=&#8221;no&#8221; tablet_bg_img_hidden=&#8221;no&#8221; woodmart_parallax=&#8221;0&#8243; woodmart_gradient_switch=&#8221;no&#8221; woodmart_box_shadow=&#8221;no&#8221; wd_z_index=&#8221;yes&#8221; woodmart_disable_overflow=&#8221;1&#8243; row_reverse_mobile=&#8221;0&#8243; row_reverse_tablet=&#8221;0&#8243; wd_z_index_custom=&#8221;eyJkZXZpY2VzIjp7ImRlc2t0b3AiOnsidmFsdWUiOiIzNSJ9fX0=&#8221; el_class=&#8221;bottom2&#8243;][vc_column width=&#8221;3\/5&#8243; woodmart_css_id=&#8221;66e3dd32b21c2&#8243; parallax_scroll=&#8221;no&#8221; woodmart_sticky_column=&#8221;false&#8221; wd_collapsible_content_switcher=&#8221;no&#8221; wd_column_role_offcanvas_desktop=&#8221;no&#8221; wd_column_role_offcanvas_tablet=&#8221;no&#8221; wd_column_role_offcanvas_mobile=&#8221;no&#8221; wd_column_role_content_desktop=&#8221;no&#8221; wd_column_role_content_tablet=&#8221;no&#8221; wd_column_role_content_mobile=&#8221;no&#8221; mobile_bg_img_hidden=&#8221;no&#8221; tablet_bg_img_hidden=&#8221;no&#8221; woodmart_parallax=&#8221;0&#8243; woodmart_box_shadow=&#8221;no&#8221; responsive_spacing=&#8221;eyJwYXJhbV90eXBlIjoid29vZG1hcnRfcmVzcG9uc2l2ZV9zcGFjaW5nIiwic2VsZWN0b3JfaWQiOiI2NmUzZGQzMmIyMWMyIiwic2hvcnRjb2RlIjoidmNfY29sdW1uIiwiZGF0YSI6eyJ0YWJsZXQiOnt9LCJtb2JpbGUiOnt9fX0=&#8221; mobile_reset_margin=&#8221;no&#8221; tablet_reset_margin=&#8221;no&#8221; wd_z_index=&#8221;no&#8221;][vc_row_inner][vc_column_inner width=&#8221;1\/3&#8243;]\t\t\t<link rel=\"stylesheet\" id=\"wd-text-block-css\" href=\"https:\/\/carobnavoda.com\/wp-content\/themes\/woodmart\/css\/parts\/el-text-block.min.css?ver=7.6.0\" type=\"text\/css\" media=\"all\" \/> \t\t\t\t\t<div id=\"wd-66eadf20e6bab\" class=\"wd-text-block wd-wpb reset-last-child wd-rs-66eadf20e6bab text-left color-scheme-light wd-font-weight-400 wd-fontsize-custom \">\n\t\t\t<p><a href=\"https:\/\/carobnavoda.com\/hr\/#about\">O nama<\/a><br \/>\n<a href=\"https:\/\/carobnavoda.com\/hr\/#benefits\">Prednosti<\/a><br \/>\n<a href=\"https:\/\/carobnavoda.com\/hr\/#devices\">Na\u0161i ure\u0111aji<\/a><\/p>\n\t\t<\/div>\n\t\t[\/vc_column_inner][vc_column_inner width=&#8221;1\/3&#8243;]\t\t<div id=\"wd-66eae07db66ab\" class=\"wd-text-block wd-wpb reset-last-child wd-rs-66eae07db66ab text-left color-scheme-light wd-font-weight-400 wd-fontsize-custom \">\n\t\t\t<p>Kontakt<br \/>\nSlovenia Ljubljana<br \/>\nVilharjeva cesta 38<\/p>\n\t\t<\/div>\n\t\t[\/vc_column_inner][vc_column_inner width=&#8221;1\/3&#8243;]\t\t<div id=\"wd-66e3dfdfa78d0\" class=\"wd-text-block wd-wpb reset-last-child wd-rs-66e3dfdfa78d0 text-left color-scheme-light wd-font-weight-400 wd-fontsize-custom \">\n\t\t\t<p><a href=\"tel:+385977303507\">+385 97 7303507<\/a> <a href=\"mailto:info@ %C4% 8Darobnavoda.com\">info@\u010darobnavoda.com<\/a><\/p>\n\t\t<\/div>\n\t\t[\/vc_column_inner][\/vc_row_inner]\t\t<div id=\"wd-66eadedec2170\" class=\"wd-text-block wd-wpb reset-last-child wd-rs-66eadedec2170 text-left color-scheme-light \">\n\t\t\t<p><span style=\"color: #d9d9d9;\"><a style=\"color: #d9d9d9;\" href=\"https:\/\/carobnavoda.com\/hr\/kolacici\/\" target=\"_blank\" rel=\"noopener\">Kola\u010di\u0107i<\/a><\/span><\/p>\n\t\t<\/div>\n\t\t[\/vc_column][vc_column width=&#8221;2\/5&#8243;][\/vc_column][\/vc_row][vc_row woodmart_stretch_content=&#8221;section-stretch&#8221; woodmart_css_id=&#8221;66e42b472e894&#8243; responsive_spacing=&#8221;eyJwYXJhbV90eXBlIjoid29vZG1hcnRfcmVzcG9uc2l2ZV9zcGFjaW5nIiwic2VsZWN0b3JfaWQiOiI2NmU0MmI0NzJlODk0Iiwic2hvcnRjb2RlIjoidmNfcm93IiwiZGF0YSI6eyJ0YWJsZXQiOnt9LCJtb2JpbGUiOnt9fX0=&#8221; mobile_bg_img_hidden=&#8221;no&#8221; tablet_bg_img_hidden=&#8221;no&#8221; woodmart_parallax=&#8221;0&#8243; woodmart_gradient_switch=&#8221;no&#8221; woodmart_box_shadow=&#8221;no&#8221; wd_z_index=&#8221;no&#8221; woodmart_disable_overflow=&#8221;1&#8243; row_reverse_mobile=&#8221;0&#8243; row_reverse_tablet=&#8221;0&#8243; css=&#8221;.vc_custom_1726229328893{background-color: #D8E9F200 !important;}&#8221;][vc_column woodmart_css_id=&#8221;66e42affead41&#8243; parallax_scroll=&#8221;no&#8221; woodmart_sticky_column=&#8221;false&#8221; wd_collapsible_content_switcher=&#8221;no&#8221; wd_column_role_offcanvas_desktop=&#8221;no&#8221; wd_column_role_offcanvas_tablet=&#8221;no&#8221; wd_column_role_offcanvas_mobile=&#8221;no&#8221; wd_column_role_content_desktop=&#8221;no&#8221; wd_column_role_content_tablet=&#8221;no&#8221; wd_column_role_content_mobile=&#8221;no&#8221; mobile_bg_img_hidden=&#8221;no&#8221; tablet_bg_img_hidden=&#8221;no&#8221; woodmart_parallax=&#8221;0&#8243; woodmart_box_shadow=&#8221;no&#8221; responsive_spacing=&#8221;eyJwYXJhbV90eXBlIjoid29vZG1hcnRfcmVzcG9uc2l2ZV9zcGFjaW5nIiwic2VsZWN0b3JfaWQiOiI2NmU0MmFmZmVhZDQxIiwic2hvcnRjb2RlIjoidmNfY29sdW1uIiwiZGF0YSI6eyJ0YWJsZXQiOnt9LCJtb2JpbGUiOnt9fX0=&#8221; mobile_reset_margin=&#8221;no&#8221; tablet_reset_margin=&#8221;no&#8221; wd_z_index=&#8221;no&#8221; css=&#8221;.vc_custom_1726229260563{margin-bottom: 0px !important;padding-bottom: 0px !important;}&#8221;]\t\t\t<link rel=\"stylesheet\" id=\"wd-marquee-css\" href=\"https:\/\/carobnavoda.com\/wp-content\/themes\/woodmart\/css\/parts\/el-marquee.min.css?ver=7.6.0\" type=\"text\/css\" media=\"all\" \/> \t\t\t\t\t\t<div id=\"wd-66e42c7f3f558\" class=\"wd-marquee-wrapp  wd-rs-66e42c7f3f558 vc_custom_1726229645738\">\n\t\t\t\t<div class=\"wd-marquee wd-with-pause\">\n\t\t\t\t\t<div class=\"wd-marquee-content\">\n\t\t\t\t\t\t\t\t\t<span>\n\t\t\t\t\n\t\t\t\t\t\t\t\t\tVoDu\u0161a   VoDu\u0161a   VoDu\u0161a   VoDu\u0161a   VoDu\u0161a   VoDu\u0161a   VoDu\u0161a   VoDu\u0161a   VoDu\u0161a   VoDu\u0161a   VoDu\u0161a   VoDu\u0161a\t\t\t\t\n\t\t\t\t\t\t\t<\/span>\n\t\t\t\t\t\t\t\t<\/div>\n\t\t\t\t\t<div class=\"wd-marquee-content\">\n\t\t\t\t\t\t\t\t\t<span>\n\t\t\t\t\n\t\t\t\t\t\t\t\t\tVoDu\u0161a   VoDu\u0161a   VoDu\u0161a   VoDu\u0161a   VoDu\u0161a   VoDu\u0161a   VoDu\u0161a   VoDu\u0161a   VoDu\u0161a   VoDu\u0161a   VoDu\u0161a   VoDu\u0161a\t\t\t\t\n\t\t\t\t\t\t\t<\/span>\n\t\t\t\t\t\t\t\t<\/div>\n\t\t\t\t<\/div>\n\t\t\t<\/div>\n\t\t[\/vc_column][\/vc_row]<\/p>\n<\/div>","protected":false},"excerpt":{"rendered":"<p>[vc_row][vc_column width=&#8221;1\/4&#8243;][\/vc_column][vc_column width=&#8221;1\/2&#8243;][vc_column_text css=&#8221;&#8221; woodmart_inline=&#8221;no&#8221; text_larger=&#8221;no&#8221;] Politika kola\u010di\u0107a Ispod su nazivi kola\u010di\u0107a koje koristimo na na\u0161oj web stranici i svrhe<\/p>\n","protected":false},"author":1,"featured_media":0,"parent":0,"menu_order":0,"comment_status":"closed","ping_status":"closed","template":"","meta":{"rank_math_lock_modified_date":false,"footnotes":""},"class_list":["post-487","page","type-page","status-publish","hentry"],"_links":{"self":[{"href":"https:\/\/carobnavoda.com\/hr\/wp-json\/wp\/v2\/pages\/487","targetHints":{"allow":["GET"]}}],"collection":[{"href":"https:\/\/carobnavoda.com\/hr\/wp-json\/wp\/v2\/pages"}],"about":[{"href":"https:\/\/carobnavoda.com\/hr\/wp-json\/wp\/v2\/types\/page"}],"author":[{"embeddable":true,"href":"https:\/\/carobnavoda.com\/hr\/wp-json\/wp\/v2\/users\/1"}],"replies":[{"embeddable":true,"href":"https:\/\/carobnavoda.com\/hr\/wp-json\/wp\/v2\/comments?post=487"}],"version-history":[{"count":6,"href":"https:\/\/carobnavoda.com\/hr\/wp-json\/wp\/v2\/pages\/487\/revisions"}],"predecessor-version":[{"id":502,"href":"https:\/\/carobnavoda.com\/hr\/wp-json\/wp\/v2\/pages\/487\/revisions\/502"}],"wp:attachment":[{"href":"https:\/\/carobnavoda.com\/hr\/wp-json\/wp\/v2\/media?parent=487"}],"curies":[{"name":"wp","href":"https:\/\/api.w.org\/{rel}","templated":true}]}}